{"id":475,"date":"2024-03-07T16:06:54","date_gmt":"2024-03-07T16:06:54","guid":{"rendered":"https:\/\/www.ikejimequality.com\/?page_id=15"},"modified":"2025-04-03T17:09:36","modified_gmt":"2025-04-03T17:09:36","slug":"about","status":"publish","type":"page","link":"https:\/\/ikejime-quality.co.uk\/fr\/about\/","title":{"rendered":"\u00c0 propos de nous"},"content":{"rendered":"<div data-elementor-type=\"wp-page\" data-elementor-id=\"475\" class=\"elementor elementor-475\" data-elementor-post-type=\"page\">\n\t\t\t\t\t\t<section class=\"elementor-section elementor-top-section elementor-element elementor-element-370d9167 elementor-section-boxed elementor-section-height-default elementor-section-height-default\" data-id=\"370d9167\" data-element_type=\"section\" data-settings=\"{&quot;background_background&quot;:&quot;video&quot;,&quot;background_video_link&quot;:&quot;https:\\\/\\\/vimeo.com\\\/1071109634\\\/74113613ed?share=copy&quot;,&quot;background_play_on_mobile&quot;:&quot;yes&quot;}\">\n\t\t\t\t\t\t\t\t<div class=\"elementor-background-video-container\">\n\t\t\t\t\t\t\t\t\t\t\t\t\t<div class=\"elementor-background-video-embed\"><\/div>\n\t\t\t\t\t\t\t\t\t\t\t\t<\/div>\n\t\t\t\t\t\t\t\t\t<div class=\"elementor-background-overlay\"><\/div>\n\t\t\t\t\t\t\t<div class=\"elementor-container elementor-column-gap-default\">\n\t\t\t\t\t<div class=\"elementor-column elementor-col-100 elementor-top-column elementor-element elementor-element-23aeb5e8\" data-id=\"23aeb5e8\" data-element_type=\"column\">\n\t\t\t<div class=\"elementor-widget-wrap elementor-element-populated\">\n\t\t\t\t\t\t<section class=\"elementor-section elementor-inner-section elementor-element elementor-element-4d42cca1 elementor-section-boxed elementor-section-height-default elementor-section-height-default\" data-id=\"4d42cca1\" data-element_type=\"section\">\n\t\t\t\t\t\t<div class=\"elementor-container elementor-column-gap-default\">\n\t\t\t\t\t<div class=\"elementor-column elementor-col-100 elementor-inner-column elementor-element elementor-element-55523182\" data-id=\"55523182\" data-element_type=\"column\">\n\t\t\t<div class=\"elementor-widget-wrap elementor-element-populated\">\n\t\t\t\t\t\t<div class=\"elementor-element elementor-element-45f1d6ed elementor-invisible elementor-widget elementor-widget-heading\" data-id=\"45f1d6ed\" data-element_type=\"widget\" data-settings=\"{&quot;_animation&quot;:&quot;fadeInUp&quot;,&quot;_animation_delay&quot;:50}\" data-widget_type=\"heading.default\">\n\t\t\t\t<div class=\"elementor-widget-container\">\n\t\t\t\t\t<h1 class=\"elementor-heading-title elementor-size-default\">\u00c0 propos de nous<\/h1>\t\t\t\t<\/div>\n\t\t\t\t<\/div>\n\t\t\t\t<div class=\"elementor-element elementor-element-36d6f9c9 elementor-invisible elementor-widget elementor-widget-text-editor\" data-id=\"36d6f9c9\" data-element_type=\"widget\" data-settings=\"{&quot;_animation&quot;:&quot;fadeInUp&quot;,&quot;_animation_delay&quot;:150}\" data-widget_type=\"text-editor.default\">\n\t\t\t\t<div class=\"elementor-widget-container\">\n\t\t\t\t\t\t\t\t\t<p>Ikejime quality<\/p>\t\t\t\t\t\t\t\t<\/div>\n\t\t\t\t<\/div>\n\t\t\t\t\t<\/div>\n\t\t<\/div>\n\t\t\t\t\t<\/div>\n\t\t<\/section>\n\t\t\t\t\t<\/div>\n\t\t<\/div>\n\t\t\t\t\t<\/div>\n\t\t<\/section>\n\t\t\t\t<section class=\"elementor-section elementor-top-section elementor-element elementor-element-a792c05 elementor-section-boxed elementor-section-height-default elementor-section-height-default\" data-id=\"a792c05\" data-element_type=\"section\">\n\t\t\t\t\t\t<div class=\"elementor-container elementor-column-gap-wide\">\n\t\t\t\t\t<div class=\"elementor-column elementor-col-50 elementor-top-column elementor-element elementor-element-2435777b\" data-id=\"2435777b\" data-element_type=\"column\">\n\t\t\t<div class=\"elementor-widget-wrap elementor-element-populated\">\n\t\t\t\t\t\t<div class=\"elementor-element elementor-element-257770f7 elementor-widget__width-initial elementor-absolute elementor-widget-mobile__width-initial elementor-widget-tablet__width-initial elementor-invisible elementor-widget elementor-widget-image\" data-id=\"257770f7\" data-element_type=\"widget\" data-settings=\"{&quot;_position&quot;:&quot;absolute&quot;,&quot;_animation&quot;:&quot;fadeInUp&quot;,&quot;_animation_delay&quot;:100}\" data-widget_type=\"image.default\">\n\t\t\t\t<div class=\"elementor-widget-container\">\n\t\t\t\t\t\t\t\t\t\t\t\t\t\t\t<img decoding=\"async\" src=\"https:\/\/ikejime-quality.co.uk\/wp-content\/uploads\/elementor\/thumbs\/WhatsApp-Image-2024-05-01-at-9.34.06-AM-r3toq6o7440sik6lbiwkiu41ynypv5a2makjh6x094.webp\" title=\"WhatsApp-Image-2024-05-01-at-9.34.06-AM\" alt=\"WhatsApp-Image-2024-05-01-at-9.34.06-AM\" loading=\"lazy\" \/>\t\t\t\t\t\t\t\t\t\t\t\t\t\t\t<\/div>\n\t\t\t\t<\/div>\n\t\t\t\t<div class=\"elementor-element elementor-element-3a81bc22 elementor-widget__width-initial elementor-absolute elementor-widget-mobile__width-initial elementor-hidden-tablet elementor-hidden-phone elementor-widget elementor-widget-image\" data-id=\"3a81bc22\" data-element_type=\"widget\" data-settings=\"{&quot;_position&quot;:&quot;absolute&quot;}\" data-widget_type=\"image.default\">\n\t\t\t\t<div class=\"elementor-widget-container\">\n\t\t\t\t\t\t\t\t\t\t\t\t\t\t\t<img decoding=\"async\" src=\"https:\/\/ikejime-quality.co.uk\/wp-content\/uploads\/elementor\/thumbs\/fish-icon-1-r3odp6yrh3xsfjeb4eo7lpyxnps5bj3k4ce5sxi1l4.png\" title=\"fish-icon-1.png\" alt=\"fish-icon-1.png\" loading=\"lazy\" \/>\t\t\t\t\t\t\t\t\t\t\t\t\t\t\t<\/div>\n\t\t\t\t<\/div>\n\t\t\t\t<div class=\"elementor-element elementor-element-209d5009 elementor-widget__width-initial elementor-absolute elementor-widget-mobile__width-initial elementor-widget-tablet__width-initial elementor-invisible elementor-widget elementor-widget-image\" data-id=\"209d5009\" data-element_type=\"widget\" data-settings=\"{&quot;_position&quot;:&quot;absolute&quot;,&quot;_animation&quot;:&quot;fadeInLeft&quot;,&quot;_animation_delay&quot;:50}\" data-widget_type=\"image.default\">\n\t\t\t\t<div class=\"elementor-widget-container\">\n\t\t\t\t\t\t\t\t\t\t\t\t\t\t\t<img decoding=\"async\" src=\"https:\/\/ikejime-quality.co.uk\/wp-content\/uploads\/elementor\/thumbs\/WhatsApp-Image-2024-05-01-at-9.22.32-AM-r3topy7m6qyhdue0a8f4vmwkqe9e3s2bhsli36d8wo.webp\" title=\"WhatsApp-Image-2024-05-01-at-9.22.32-AM\" alt=\"WhatsApp-Image-2024-05-01-at-9.22.32-AM\" loading=\"lazy\" \/>\t\t\t\t\t\t\t\t\t\t\t\t\t\t\t<\/div>\n\t\t\t\t<\/div>\n\t\t\t\t\t<\/div>\n\t\t<\/div>\n\t\t\t\t<div class=\"elementor-column elementor-col-50 elementor-top-column elementor-element elementor-element-4eead49b\" data-id=\"4eead49b\" data-element_type=\"column\">\n\t\t\t<div class=\"elementor-widget-wrap elementor-element-populated\">\n\t\t\t\t\t\t<div class=\"elementor-element elementor-element-2764b54a elementor-invisible elementor-widget elementor-widget-heading\" data-id=\"2764b54a\" data-element_type=\"widget\" data-settings=\"{&quot;_animation&quot;:&quot;fadeInUp&quot;}\" data-widget_type=\"heading.default\">\n\t\t\t\t<div class=\"elementor-widget-container\">\n\t\t\t\t\t<h6 class=\"elementor-heading-title elementor-size-default\">Ikejime<\/h6>\t\t\t\t<\/div>\n\t\t\t\t<\/div>\n\t\t\t\t<div class=\"elementor-element elementor-element-1b24faa3 elementor-invisible elementor-widget elementor-widget-heading\" data-id=\"1b24faa3\" data-element_type=\"widget\" data-settings=\"{&quot;_animation&quot;:&quot;fadeInUp&quot;,&quot;_animation_delay&quot;:100}\" data-widget_type=\"heading.default\">\n\t\t\t\t<div class=\"elementor-widget-container\">\n\t\t\t\t\t<h2 class=\"elementor-heading-title elementor-size-default\">\u00c0 propos de nous<\/h2>\t\t\t\t<\/div>\n\t\t\t\t<\/div>\n\t\t\t\t<div class=\"elementor-element elementor-element-31a082b9 elementor-invisible elementor-widget elementor-widget-text-editor\" data-id=\"31a082b9\" data-element_type=\"widget\" data-settings=\"{&quot;_animation&quot;:&quot;fadeInUp&quot;,&quot;_animation_delay&quot;:150}\" data-widget_type=\"text-editor.default\">\n\t\t\t\t<div class=\"elementor-widget-container\">\n\t\t\t\t\t\t\t\t\t<p>La qualit\u00e9 des poissons qui nagent en mer se d\u00e9t\u00e9riore d\u00e8s qu\u2019ils sont captur\u00e9s. En manipulant le poisson avec soin, nous pouvons pr\u00e9server sa qualit\u00e9 d\u2019origine. L\u2019Ikejime est un ensemble de techniques japonaises utilis\u00e9es pour tuer rapidement les poissons, en pr\u00e9servant et en maximisant leur qualit\u00e9 naturelle.<\/p>\t\t\t\t\t\t\t\t<\/div>\n\t\t\t\t<\/div>\n\t\t\t\t\t<\/div>\n\t\t<\/div>\n\t\t\t\t\t<\/div>\n\t\t<\/section>\n\t\t\t\t<section class=\"elementor-section elementor-top-section elementor-element elementor-element-60bdbd35 elementor-section-boxed elementor-section-height-default elementor-section-height-default\" data-id=\"60bdbd35\" data-element_type=\"section\">\n\t\t\t\t\t\t<div class=\"elementor-container elementor-column-gap-default\">\n\t\t\t\t\t<div class=\"elementor-column elementor-col-50 elementor-top-column elementor-element elementor-element-7a9139be\" data-id=\"7a9139be\" data-element_type=\"column\">\n\t\t\t<div class=\"elementor-widget-wrap elementor-element-populated\">\n\t\t\t\t\t\t<section class=\"elementor-section elementor-inner-section elementor-element elementor-element-6b1f59ef elementor-section-boxed elementor-section-height-default elementor-section-height-default elementor-invisible\" data-id=\"6b1f59ef\" data-element_type=\"section\" data-settings=\"{&quot;animation&quot;:&quot;fadeInUp&quot;,&quot;animation_delay&quot;:300}\">\n\t\t\t\t\t\t<div class=\"elementor-container elementor-column-gap-default\">\n\t\t\t\t\t<div class=\"elementor-column elementor-col-50 elementor-inner-column elementor-element elementor-element-47010896\" data-id=\"47010896\" data-element_type=\"column\">\n\t\t\t<div class=\"elementor-widget-wrap elementor-element-populated\">\n\t\t\t\t\t\t<div class=\"elementor-element elementor-element-647ee49 elementor-widget elementor-widget-heading\" data-id=\"647ee49\" data-element_type=\"widget\" data-widget_type=\"heading.default\">\n\t\t\t\t<div class=\"elementor-widget-container\">\n\t\t\t\t\t<h2 class=\"elementor-heading-title elementor-size-default\">Qu\u2019est-ce que l\u2019Ikejime ?<\/h2>\t\t\t\t<\/div>\n\t\t\t\t<\/div>\n\t\t\t\t\t<\/div>\n\t\t<\/div>\n\t\t\t\t<div class=\"elementor-column elementor-col-50 elementor-inner-column elementor-element elementor-element-7609c9a8\" data-id=\"7609c9a8\" data-element_type=\"column\">\n\t\t\t<div class=\"elementor-widget-wrap elementor-element-populated\">\n\t\t\t\t\t\t<div class=\"elementor-element elementor-element-32b57091 elementor-widget elementor-widget-text-editor\" data-id=\"32b57091\" data-element_type=\"widget\" data-widget_type=\"text-editor.default\">\n\t\t\t\t<div class=\"elementor-widget-container\">\n\t\t\t\t\t\t\t\t\t<p>L\u2019Ikejime est un ensemble de techniques japonaises utilis\u00e9es pour tuer rapidement les poissons, en pr\u00e9servant et en maximisant la qualit\u00e9 gustative naturelle du poisson. Les principaux \u00e9l\u00e9ments du processus comprennent l\u2019\u00e9limination du stress, le saignement et le refroidissement de la chair de poisson.<\/p><p>Les poissons se pr\u00e9sentent sous diff\u00e9rentes tailles et formes. Les poissons sont captur\u00e9s selon diverses m\u00e9thodes de p\u00eache. Il existe plusieurs m\u00e9thodes d\u2019Ikejime. Chaque m\u00e9thode est adapt\u00e9e aux diff\u00e9rentes tailles et formes de poissons et \u00e0 la vari\u00e9t\u00e9 des m\u00e9thodes de p\u00eache. Vous trouverez ci-dessous les principales m\u00e9thodes pour \u00e9liminer le stress.<\/p>\t\t\t\t\t\t\t\t<\/div>\n\t\t\t\t<\/div>\n\t\t\t\t\t<\/div>\n\t\t<\/div>\n\t\t\t\t\t<\/div>\n\t\t<\/section>\n\t\t\t\t<section class=\"elementor-section elementor-inner-section elementor-element elementor-element-474a5e37 elementor-section-boxed elementor-section-height-default elementor-section-height-default elementor-invisible\" data-id=\"474a5e37\" data-element_type=\"section\" data-settings=\"{&quot;animation&quot;:&quot;fadeInUp&quot;,&quot;animation_delay&quot;:350}\">\n\t\t\t\t\t\t<div class=\"elementor-container elementor-column-gap-default\">\n\t\t\t\t\t<div class=\"elementor-column elementor-col-50 elementor-inner-column elementor-element elementor-element-44daaa58\" data-id=\"44daaa58\" data-element_type=\"column\">\n\t\t\t<div class=\"elementor-widget-wrap elementor-element-populated\">\n\t\t\t\t\t\t<div class=\"elementor-element elementor-element-35b7fa44 elementor-widget elementor-widget-heading\" data-id=\"35b7fa44\" data-element_type=\"widget\" data-widget_type=\"heading.default\">\n\t\t\t\t<div class=\"elementor-widget-container\">\n\t\t\t\t\t<h2 class=\"elementor-heading-title elementor-size-default\">Nos activit\u00e9s<\/h2>\t\t\t\t<\/div>\n\t\t\t\t<\/div>\n\t\t\t\t\t<\/div>\n\t\t<\/div>\n\t\t\t\t<div class=\"elementor-column elementor-col-50 elementor-inner-column elementor-element elementor-element-37eb09d3\" data-id=\"37eb09d3\" data-element_type=\"column\">\n\t\t\t<div class=\"elementor-widget-wrap elementor-element-populated\">\n\t\t\t\t\t\t<div class=\"elementor-element elementor-element-483a7a64 elementor-widget elementor-widget-text-editor\" data-id=\"483a7a64\" data-element_type=\"widget\" data-widget_type=\"text-editor.default\">\n\t\t\t\t<div class=\"elementor-widget-container\">\n\t\t\t\t\t\t\t\t\t<p>Notre mission est de promouvoir la m\u00e9thode Ikejime pour am\u00e9liorer la qualit\u00e9 du poisson.<\/p><p>Nous d\u00e9terminons ensemble quelle m\u00e9thode d\u2019Ikejime convient le mieux \u00e0 chaque poisson et aux conditions de p\u00eache.<\/p><p>Nous v\u00e9rifions l\u2019efficacit\u00e9 du proc\u00e9d\u00e9 Ikejime choisi et testons la qualit\u00e9 finale du poisson.<\/p><p>Nous confirmons que la proc\u00e9dure est efficace et l\u2019exploitation devient alors un site certifi\u00e9<\/p>\t\t\t\t\t\t\t\t<\/div>\n\t\t\t\t<\/div>\n\t\t\t\t\t<\/div>\n\t\t<\/div>\n\t\t\t\t\t<\/div>\n\t\t<\/section>\n\t\t\t\t<section class=\"elementor-section elementor-inner-section elementor-element elementor-element-2a5e5d48 elementor-section-boxed elementor-section-height-default elementor-section-height-default elementor-invisible\" data-id=\"2a5e5d48\" data-element_type=\"section\" data-settings=\"{&quot;animation&quot;:&quot;fadeInUp&quot;,&quot;animation_delay&quot;:350}\">\n\t\t\t\t\t\t<div class=\"elementor-container elementor-column-gap-default\">\n\t\t\t\t\t<div class=\"elementor-column elementor-col-50 elementor-inner-column elementor-element elementor-element-3b84afa0\" data-id=\"3b84afa0\" data-element_type=\"column\">\n\t\t\t<div class=\"elementor-widget-wrap elementor-element-populated\">\n\t\t\t\t\t\t<div class=\"elementor-element elementor-element-18dba4f elementor-widget elementor-widget-heading\" data-id=\"18dba4f\" data-element_type=\"widget\" data-widget_type=\"heading.default\">\n\t\t\t\t<div class=\"elementor-widget-container\">\n\t\t\t\t\t<h2 class=\"elementor-heading-title elementor-size-default\">Logo de Qualit\u00e9 Ikejime<\/h2>\t\t\t\t<\/div>\n\t\t\t\t<\/div>\n\t\t\t\t\t<\/div>\n\t\t<\/div>\n\t\t\t\t<div class=\"elementor-column elementor-col-50 elementor-inner-column elementor-element elementor-element-a428b63\" data-id=\"a428b63\" data-element_type=\"column\">\n\t\t\t<div class=\"elementor-widget-wrap elementor-element-populated\">\n\t\t\t\t\t\t<div class=\"elementor-element elementor-element-68312e11 elementor-widget elementor-widget-text-editor\" data-id=\"68312e11\" data-element_type=\"widget\" data-widget_type=\"text-editor.default\">\n\t\t\t\t<div class=\"elementor-widget-container\">\n\t\t\t\t\t\t\t\t\t<p>L\u2019utilisation de ce logo est accord\u00e9e aux p\u00eacheurs et aux exploitations piscicoles qui ont \u00e9t\u00e9 audit\u00e9s et certifi\u00e9s par nos soins.<\/p><p>La v\u00e9rification et la certification comprennent une visite du site, une v\u00e9rification physique et un contr\u00f4le de la qualit\u00e9 du poisson. Cette proc\u00e9dure est ensuite suivie d\u2019audits annuels.<\/p><p>Ce logo repr\u00e9sente l\u2019assurance qualit\u00e9 des poissons trait\u00e9s par Ikejime selon des proc\u00e9dures approuv\u00e9es et formalis\u00e9es.<\/p><p>Ce logo de certification de qualit\u00e9 Ikejime est enregistr\u00e9 dans les pays europ\u00e9ens, aux \u00c9tats-Unis, au Mexique, au Canada, au Japon, en Australie et en Nouvelle-Z\u00e9lande.<\/p>\t\t\t\t\t\t\t\t<\/div>\n\t\t\t\t<\/div>\n\t\t\t\t\t<\/div>\n\t\t<\/div>\n\t\t\t\t\t<\/div>\n\t\t<\/section>\n\t\t\t\t\t<\/div>\n\t\t<\/div>\n\t\t\t\t<div class=\"elementor-column elementor-col-50 elementor-top-column elementor-element elementor-element-71f6702f elementor-invisible\" data-id=\"71f6702f\" data-element_type=\"column\" data-settings=\"{&quot;animation&quot;:&quot;fadeInUp&quot;,&quot;animation_delay&quot;:200}\">\n\t\t\t<div class=\"elementor-widget-wrap elementor-element-populated\">\n\t\t\t\t\t\t<div class=\"elementor-element elementor-element-51de2fc4 elementor-widget elementor-widget-image\" data-id=\"51de2fc4\" data-element_type=\"widget\" data-widget_type=\"image.default\">\n\t\t\t\t<div class=\"elementor-widget-container\">\n\t\t\t\t\t\t\t\t\t\t\t\t\t\t\t<img decoding=\"async\" src=\"https:\/\/ikejime-quality.co.uk\/wp-content\/uploads\/elementor\/thumbs\/StoneBassHarvesting2mb-r3tont4vu6sjuxn9p3y7ilg4hdcmbit9urg3ug8ajo.webp\" title=\"StoneBassHarvesting2mb\" alt=\"StoneBassHarvesting2mb\" loading=\"lazy\" \/>\t\t\t\t\t\t\t\t\t\t\t\t\t\t\t<\/div>\n\t\t\t\t<\/div>\n\t\t\t\t<section class=\"elementor-section elementor-inner-section elementor-element elementor-element-75745829 elementor-section-boxed elementor-section-height-default elementor-section-height-default\" data-id=\"75745829\" data-element_type=\"section\" data-settings=\"{&quot;background_background&quot;:&quot;classic&quot;}\">\n\t\t\t\t\t\t<div class=\"elementor-container elementor-column-gap-default\">\n\t\t\t\t\t<div class=\"elementor-column elementor-col-100 elementor-inner-column elementor-element elementor-element-dc068cc\" data-id=\"dc068cc\" data-element_type=\"column\">\n\t\t\t<div class=\"elementor-widget-wrap elementor-element-populated\">\n\t\t\t\t\t\t<div class=\"elementor-element elementor-element-6dad5f86 elementor-widget elementor-widget-heading\" data-id=\"6dad5f86\" data-element_type=\"widget\" data-widget_type=\"heading.default\">\n\t\t\t\t<div class=\"elementor-widget-container\">\n\t\t\t\t\t<h5 class=\"elementor-heading-title elementor-size-default\">La meilleure fa\u00e7on d\u2019appr\u00e9cier la qualit\u00e9 du poisson<\/h5>\t\t\t\t<\/div>\n\t\t\t\t<\/div>\n\t\t\t\t\t<\/div>\n\t\t<\/div>\n\t\t\t\t\t<\/div>\n\t\t<\/section>\n\t\t\t\t\t<\/div>\n\t\t<\/div>\n\t\t\t\t\t<\/div>\n\t\t<\/section>\n\t\t\t\t<\/div>","protected":false},"excerpt":{"rendered":"<p>About Us Ikejime quality Ikejime ABOUT The quality of fish swimming in the sea deteriorates as soon as they are caught. By handling fish carefully, we can preserve the original quality. Ikejime is a set of Japanese techniques used to kill fish quickly, preserving and maximising the natural quality. WHAT IS IKEJIME? Ikejime is a [&hellip;]<\/p>","protected":false},"author":1,"featured_media":0,"parent":0,"menu_order":0,"comment_status":"closed","ping_status":"closed","template":"","meta":{"footnotes":""},"class_list":["post-475","page","type-page","status-publish","hentry"],"_links":{"self":[{"href":"https:\/\/ikejime-quality.co.uk\/fr\/wp-json\/wp\/v2\/pages\/475","targetHints":{"allow":["GET"]}}],"collection":[{"href":"https:\/\/ikejime-quality.co.uk\/fr\/wp-json\/wp\/v2\/pages"}],"about":[{"href":"https:\/\/ikejime-quality.co.uk\/fr\/wp-json\/wp\/v2\/types\/page"}],"author":[{"embeddable":true,"href":"https:\/\/ikejime-quality.co.uk\/fr\/wp-json\/wp\/v2\/users\/1"}],"replies":[{"embeddable":true,"href":"https:\/\/ikejime-quality.co.uk\/fr\/wp-json\/wp\/v2\/comments?post=475"}],"version-history":[{"count":13,"href":"https:\/\/ikejime-quality.co.uk\/fr\/wp-json\/wp\/v2\/pages\/475\/revisions"}],"predecessor-version":[{"id":524,"href":"https:\/\/ikejime-quality.co.uk\/fr\/wp-json\/wp\/v2\/pages\/475\/revisions\/524"}],"wp:attachment":[{"href":"https:\/\/ikejime-quality.co.uk\/fr\/wp-json\/wp\/v2\/media?parent=475"}],"curies":[{"name":"wp","href":"https:\/\/api.w.org\/{rel}","templated":true}]}}